{"id":1338,"date":"2012-10-27T15:10:45","date_gmt":"2012-10-27T06:10:45","guid":{"rendered":"http:\/\/dev.gapao.com\/olivejapan\/?page_id=1338"},"modified":"2012-11-11T13:43:24","modified_gmt":"2012-11-11T04:43:24","slug":"2012-winners","status":"publish","type":"page","link":"https:\/\/olivejapan.com\/en\/competition\/2012-winners","title":{"rendered":"2012 Winners"},"content":{"rendered":"<h2>OLIVE JAPAN 2012 International Extra Virgin Olive Oil Competition<br \/>\nAWARD WINNERS<\/h2>\n<p> (*Winner appeared by Country\/Nations in alphabetical Order) <\/p>\n<div><img decoding=\"async\" src=\"https:\/\/olivejapan.com\/cms\/wp-content\/uploads\/2012\/05\/winner_premier.png\" width=\"630\" height=\"60\" alt=\"PREMIER\"><\/p>\n<div class=\"prize\">5 Excellent Products<\/div>\n<\/div>\n<div class=\"winner_outer\">\n<div class=\"winner_inner\">\n<div class=\"premier\">\n<div class=\"firm_p\">FOREST EDGE FARM<\/div>\n<p>\u201cExtra Virgin Olive Oil \u2013 FRANTOIO\u201d (Australia) <\/p>\n<div class=\"firm_p\">ACEITES CAMPOLIVA, S.L.<\/div>\n<p>\u201cMELGAREJO DELICATESSEN\u201d (Spain) <\/p>\n<div class=\"firm_p\">ACEITES CAMPOLIVA, S.L.<\/div>\n<p>\u201cMELGAREJO GOURMET\u201d (Spain) <\/p>\n<div class=\"firm_p\">Almazaras de la Subb\u00e9tica S.L.<\/div>\n<p>\u201cBIOLIVA\u201d (Spain) <\/p>\n<div class=\"firm_p\">LUCERO OLIVE OIL<\/div>\n<p>\u201cArbequina\u201d (USA)\n<\/p>\n<\/div>\n<\/div>\n<\/div>\n<p><!-- ========== GOLD ============== --><\/p>\n<div><img decoding=\"async\" src=\"https:\/\/olivejapan.com\/cms\/wp-content\/uploads\/2012\/05\/winner_gold.png\" width=\"630\" height=\"60\" alt=\"GOLD\"><\/p>\n<div class=\"prize\">32 Fine Products<\/div>\n<\/div>\n<div class=\"winner_outer\">\n<div class=\"winner_inner\">\n<h4 class=\"country_name\"><i>From Australia (6 Products)<\/i><\/h4>\n<div class=\"gold\">\n<p>Boundary Bend Limited \u201cCobram Estate Hojiblanca\u201d <\/p>\n<p>Boundary Bend Limited \u201cCobram Estate Picual\u201d <\/p>\n<p>Camilo Enterprises \u201cMax\u2019s Blend\u201d <\/p>\n<p>Longridge Estate \u201cLONGRIDGE OLIVES-CLASSIC BLEND\u201d <\/p>\n<p>RYLSTONE OLIVE PRESS \u201cCUDGEGONG\u201d <\/p>\n<p>WARRICK GROVE (entry by Furuuchi Kamejiro Shoten)<br \/>\n\u201cWarrick Grove\u2019s Olive Oil\u201d \u2028<\/p>\n<\/div>\n<h4 class=\"country_name\"><i>From Chile (1 Product)<\/i><\/h4>\n<div class=\"gold\">\nOLIVOS Del SUR S.A.&nbsp; (entry by K-TAC Planners Co., Ltd.)<br \/>\n \u201cSantiago Premium Extra Virgin Olive Oil\u201d\u2028<\/div>\n<h4 class=\"country_name\"><i>From Croatia (1 Product)<\/i><\/h4>\n<div class=\"gold\">\nRITOSSA Olive Oil LLC \u201cRITOSSA\u201d\u2028<\/div>\n<h4 class=\"country_name\"><i>From France (2 Products)<\/i><\/h4>\n<div class=\"gold\">\nDOMAINE DU BOIS GENTIL \u201cFleur d\u2019Huile\u201d<\/p>\n<p>DOMAINE DU BOIS GENTIL \u201cFruite Vert -leger-\u201d\u2028<\/p>\n<\/div>\n<h4 class=\"country_name\"><i>From Greece (1 Product)<\/i><\/h4>\n<div class=\"gold\">\nKONSTANTINA KALAMPOKA (entry by Estia Japan)<br \/>\n\u201cEIRINI PLOMARIOU Organic Extra Virgin Olive Oil\u201d\u2028<\/div>\n<h4 class=\"country_name\"><i>From Italy (4 Products)<\/i><\/h4>\n<div class=\"gold\">\nAzienda Agricola Biologica Americo Quattrocincchi (entry by Yakuryo Kaihatsu)<br \/>\n\u201cOLIVASTRO\u201d<\/p>\n<p>Azienda Agricola SPINOLA Giovanna (entry by Kyudenko Corporation)<br \/>\n\u201cAVILO \u2013 Antica Sorgente\u201d<\/p>\n<p>Azienda Agricola Villa Zottopera Soc.Agr.a.r.l. (entry by Yakuryo Kaihatsu)<br \/>\n\u201cVilla Zottopera\u201d<\/p>\n<p>VILLA PONTE OIL MILL (entry by Lucio Schembari)<br \/>\n\u201cSiculum DOP Extra Virgin Olive Oil Organic\u201d\u2028<\/p>\n<\/div>\n<h4 class=\"country_name\"><i>From Japan (5 Products)<\/i><\/h4>\n<div class=\"gold\">\nIIJI OLIVE\u201ciiji-olive Mission100%\u201d  <\/p>\n<p>Nakayoshi Shoji \u201ci\u2019s Life Shodoshima 100%\u201d<\/p>\n<p>Shodoshima Olive Park \u201cShodoshima Hand Picked First Pressed\u201d <\/p>\n<p>Sorai Nouen Farm \u201cShodoshima Farmer\u2019s Olive Oil\u201d<\/p>\n<p>YAMAHISA \u201cYamahisa Farm Olive Oil\u201d<br \/>\n\u2028<\/p>\n<\/div>\n<h4 class=\"country_name\"><i>From Portugal (1 Product)<\/i><\/h4>\n<div class=\"gold\">\nRIAZOR-Azeites &amp; Oleos vegetais, S.A. \u201cCAPITOA PREMIUM\u201d\n<\/div>\n<h4 class=\"country_name\"><i>From Spain (7 Products)<\/i><\/h4>\n<div class=\"gold\">\nAceites El Dorado S.L. (entry by YAMANI) \u201cEl Dorado BLACK LABEL\u201d<\/p>\n<p>ARODEN S.A.T. (entry by MARUJYU) \u201cCLADIVM\u201d<\/p>\n<p>Basilippo Calidad Gourmet S.L. (entry by MARUJYU)<br \/>\n\u201cBasilippo Aceite de Oliva Virgen Extra\u201d<\/p>\n<p>CAL SABOI (DRYNUTS S.L.) \u201cCAL SABOI Arbequina\u201d<\/p>\n<p>Castillo de Canena (entry by OLIVE PLAN)<br \/>\n\u201cRoyal 100% Early Harvest\u201d<\/p>\n<p>CORTIJO De Suerte Alta S.L. \u201cCOUPAGE NATURAL DOP BAENA\u201d<\/p>\n<p>GOYA EN ESPANA \u201cExtra Virgin Olive Oil GOYA Unico\u201d\u2028<\/p>\n<\/div>\n<h4 class=\"country_name\"><i>From Tunisia (2 Products)<\/i><\/h4>\n<div class=\"gold\">\nJebabli Salah Brothers Oil Mill Company \u201cSublima\u201d<\/p>\n<p>MEDAGRO SA (entry by M&amp;P Corporation)<br \/>\n\u201cRUSPINA Organic Extra Virgin Olive Oil\u201d\u2028<\/p>\n<\/div>\n<h4 class=\"country_name\"><i>From Turkey (1 Product)<\/i><\/h4>\n<div class=\"gold\">\nGIDATAY Gida de Tarim Sanayi Ticaret A.\u015e. (entry by Kyudenko Corporation)<br \/>\n\u201cAVILO \u2013 EVOO Savrandere\u201d<\/div>\n<h4 class=\"country_name\"><i>From USA (1 Product)<\/i><\/h4>\n<div class=\"gold\">\nTHE OLIVE PRESS \u201cASCOLANO\u201d<\/div>\n<\/div>\n<\/div>\n<p><!-- ============== SILVER ================= --><\/p>\n<div><img decoding=\"async\" src=\"https:\/\/olivejapan.com\/cms\/wp-content\/uploads\/2012\/05\/winner_silver.png\" width=\"630\" height=\"60\" silver\"=\"\"><\/p>\n<div class=\"prize\">60 Good Products<\/div>\n<\/div>\n<div class=\"winner_outer\">\n<div class=\"winner_inner\">\n<h4 class=\"country_name\"><i>From Australia (4 Products)<\/i><\/h4>\n<div class=\"silver\">Broken Hill Gourmet Products Co-Operative Limited<br \/>\n\u201cTown Grove Extra Virgin Olive Oil 2012\u2033 <\/p>\n<p>Camilo Enterprises \u201cLigurian-style\u201d <\/p>\n<p>WILSON FAMILY OLIVES \u201cOLIVE D\u2019OR\u201d <\/p>\n<p>YORK OLIVE OIL (entry by YASUZUKAYA)<br \/>\n\u201cYORK OLIVE OIL Extra Virgin\u201d\n<\/p>\n<\/div>\n<h4 class=\"country_name\"><i>From Chile (1 Product)<\/i><\/h4>\n<div class=\"silver\">\nVALLE GRANDE S.A.<br \/> \u201cOLAVE Extra Virgin Olive Oil \u2013 Organic Limited Release <a class=\"_hootified\" a=\"\" href=\"#\" #1\"=\"\" onclick=\"javascript:var e = document.createEvent(&quot;CustomEvent&quot;); e.initCustomEvent(&quot;hootletEvent&quot;, true, true, {type: &quot;hash&quot;, value: &quot;#1&quot;});  document.body.dispatchEvent(e); return false;\">#1<\/a>\u2033 <\/div>\n<h4 class=\"country_name\"><i>From France (3 Products)<\/i><\/h4>\n<div class=\"silver\">\nChateau Grand Brahis<br \/>\n\u201cHuile d\u2019Olive Vierge Extra AOC-FRUITE NOIR 50cl\u201d<\/p>\n<p>DOMAINE DU BOIS GENTIL \u201cFruite Vert -Intense-\u201d<\/p>\n<p>Sol\u00e9ou Cr\u00e9ateur de Go\u00fbt (entry by Nichifutsu Shoji)<br \/>\n\u201cHuile d\u2019Olive BIO\u201d\n<\/p>\n<\/div>\n<h4 class=\"country_name\"><i>From Greece (3 Products)<\/i><\/h4>\n<div class=\"silver\">\nBL\u00c4UEL (entry by MIE PROJECT)<br \/>\n\u201cMANI Organic Extra Virgin Olive Oil\u201d<\/p>\n<p>STAVROPOYLOS (entry by Hyper Link) \u201cMessanda Extrissimo\u201d<\/p>\n<p>Terra Creta SA \u201cTerra Creta Estate PDO Kolymvari Hania Crete\u201d\n<\/p>\n<\/div>\n<h4 class=\"country_name\"><i>From Israel (1 Product)<\/i><\/h4>\n<div class=\"silver\">\nOLIA \u201cExtra Virgin Olive Oil ASKAL variety\u201d\n<\/div>\n<h4 class=\"country_name\"><i>From Italy  (13 Products)<\/i><\/h4>\n<div class=\"silver\">\n88 ITALIA SRL \u201cD.O.P. Terra di BARI Castel Del Monte\u201d<\/p>\n<p>Azienda Agricola Fiore \u201cDOMENICA FIORE OLIO RESERVA\u201d<\/p>\n<p>Azienda Agricola Galluffo (entry by Japan-Salt) \u201cMARRACCO\u201d<\/p>\n<p>Azienda Agricola Madonna dell\u2019Olivo \u201cRARO\u201d<\/p>\n<p>Azienda Agricola Villa Zottopera Soc.Agr.a.r.l. (entry by Yakuryo Kaihatsu)<br \/>\n\u201cVilla Zottopera\u3000Grand Cru\u201d<\/p>\n<p>Frantoio Torre di Mezzo S.r.l. (entry by Japan-Salt) \u201cXV\u201d<\/p>\n<p>PASQUINI (entry by TAKE FIVE) \u201cPrenda Cinque 5 Extra Virgin\u201d<\/p>\n<p>SILVI SABINA SAPORI (entry by Hyper Link) \u201cSABINA D.O.P.\u201d<\/p>\n<p>SILVI SABINA SAPORI (entry by Hyper Link) \u201cSALVIANA Monocultivar\u201d<\/p>\n<p>TENUTA PENNITA \u201cMONTE POGGIOLO\u2018SELEZIONE ALINA\u2019\u201d<\/p>\n<p>Tenuta Zimarino Masseria don Vincenzo di Liliana Zimarino<br \/>\n\u201cDON VINCENZO\u201d<\/p>\n<p>Tenuta Zimarino Masseria don Vincenzo di Liliana Zimarino<br \/>\n\u201cPER LILIANA\u201d<\/p>\n<p>VILLA PONTE OIL MILL (entry by VOX Trading)<br \/>\n\u201cSiculum DOP Extra Virgin Olive Oil Organic\u201d\n<\/p>\n<\/div>\n<h4 class=\"country_name\"><i>From Japan (3 Products)<\/i><\/h4>\n<div class=\"silver\">\nShodoshima Olive Ya \u201cShodoshima 100% Extra Virgin Mission\u201c<br \/>\nSouju \u201cPrivate Farm\/Hand Picked\/First Press EVOO lucca 100%\u201d<br \/>\nSouju \u201cPrivate Farm\/Hand Picked\/First Press EVOO mission 100%\u201d\n<\/div>\n<h4 class=\"country_name\"><i>From Jordan (1 Product)<\/i><\/h4>\n<div class=\"silver\">\nAL ZYOUD Olive Oil Mill \u201cAL-Zyoudi Extra Virgin Oil Mix\u201d\n<\/div>\n<h4 class=\"country_name\"><i>From New Zealand (1 Product)<\/i><\/h4>\n<div class=\"silver\">\nRANGIHOUA ESTATE LTD (entry by Kogyoku)<br \/>\n\u201cRangihoua Estate Extra Virgin Olive Oil\u201d\n<\/div>\n<h4 class=\"country_name\"><i>From Portugal (6 Products)<\/i><\/h4>\n<div class=\"silver\">\nEspor\u00e3o Vendas e Marketing \u201cHerdade do Espor\u00e3o D.O.P.\u201d<\/p>\n<p>Espor\u00e3o Vendas e Marketing \u201cHerdade do Espor\u00e3o Extra Virgin\u201d<\/p>\n<p>Miguel S\u00e1 Pais do Amaral \u201cAzeite Virgem Extra \u2013 CASA ANADIA\u201d<\/p>\n<p>RIAZOR-Azeites &amp; Oleos vegetais, S.A. \u201cPa\u00e7o dos Infantes\u201d<\/p>\n<p>RIAZOR-Azeites &amp; Oleos vegetais, S.A. \u201cTorrejano\u201d<\/p>\n<p>Sociedade Agricola Ouro Vegetal, Lda<br \/>\n\u201cCabe\u00e7o das Nogueiras Premium\u201d\n<\/p>\n<\/div>\n<h4 class=\"country_name\"><i>From Spain (6 Products)<\/i><\/h4>\n<div class=\"silver\">\nAlcubilla 2000 \u201cLUQUE\u201d<\/p>\n<p>Associacio d\u2019Oleicultors del PRIORAT \u201cOLEUM PRIORAT\u201d<\/p>\n<p>Castillo de Canena (entry by OLIVE PLAN)<br \/>\n\u201cFamily Reserve ARBEQUINA100%\u201d<\/p>\n<p>Castillo de Canena (entry by OLIVE PLAN)<br \/>\n\u201cFamily Reserve PICUAL100%\u201d<\/p>\n<p>EL OLIVO \u201cEL OLIVO Olive Oil Extra Virgen\u201d<\/p>\n<p>Vian\u00f3leo, S.L. (entry by ISCO) \u201ciO\u201d\n<\/p>\n<\/div>\n<h4 class=\"country_name\"><i>From Tunisia  (5 Products)<\/i><\/h4>\n<div class=\"silver\">\nHUILNORD Group \u201cDONIA\u201d<\/p>\n<p>MEDAGRO SA (entry by M&amp;P Corporation)<br \/>\n\u201cRUSPINA Extra Virgin Olive Oil\u201d<\/p>\n<p>SARRA HUILES \u201cSOFRA Extra Virgin Olive Oil\u201d<\/p>\n<p>SARRA HUILES \u201cSOFRA Organic Extra Virgin Olive Oil\u201d<\/p>\n<p>STCA AL JAZIRA \u201cAL JAZIRA Extra Virgin\u201d\n<\/p>\n<\/div>\n<h4 class=\"country_name\"><i>From Turkey (5 Products)<\/i><\/h4>\n<div class=\"silver\">\nALYATTES ORG.TAR.ISL.LTD.STI \u201cALYATTES\u201d<\/p>\n<p>ANA GIDA IHTIYAC MADDELERI SAN.VE TIC.A.S<br \/>\n\u201cKOMILI Cold Pressed Extra Virgin Olive Oil\u201d<\/p>\n<p>NAR DOGAL URUNLER A.S. \u201cNar Erken Hasat Natural Sizma\u201d<\/p>\n<p>UYGUN RAFINE YAG SANAYI VE TICARET LTD.STI.<br \/>\n\u201cMonte Ida Extra Virgin\u201d<\/p>\n<p>UYGUN RAFINE YAG SANAYI VE TICARET LTD.STI.<br \/>\n\u201cMonte Ida Organic Extra Virgin\u201d\n<\/p>\n<\/div>\n<h4 class=\"country_name\"><i>From USA (8 Products)<\/i><\/h4>\n<div class=\"silver\">\nLUCERO OLIVE OIL \u201cAscolano\u201d<\/p>\n<p>LUCERO OLIVE OIL \u201cMillers Blend\u201d<\/p>\n<p>LUCERO OLIVE OIL \u201cSevillano\u201d<\/p>\n<p>OLEA FARM \u201cARBEQUINA 100%\u201d<\/p>\n<p>OLEA FARM \u201cKORONEIKI 100%\u201d<\/p>\n<p>THE OLIVE PRESS \u201cARBEQUINA\u201d<\/p>\n<p>THE OLIVE PRESS \u201cITALIAN BLEND\u201d<\/p>\n<p>YOCHA DEHE WINTUN NATION \u201cSEKA HILLS-Arbequina\u201d<\/p>\n<\/div>\n<\/div>\n<\/div>\n<p> (The List Ends as of May 7th, 2012)<br \/>\nPlease note All the Entries besides so declared are 2011 Harvested Products.<\/p>\n<p>Total 140 Entries from 18 nations ; Australia, Chile, Croatia, France, Greece, Israel, Italy, Japan, Jordan, Morocco, New Zealand, Palestine, Portugal, Spain, Syria, Tunisia, Turkey, and US.\n<\/p>\n<div class=\"clearboth\"><\/div>\n","protected":false},"excerpt":{"rendered":"<p>OLIVE JAPAN 2012 International Extra Virgin Olive Oil Competition AWARD WINNERS (*Winner appeared by Country\/Nations in alphabetical Order) 5 Excellent Products FOREST EDGE FARM \u201cExtra Virgin Olive Oil \u2013 FRANTOIO\u201d (Australia) ACEITES CAMPOLIVA, S.L. \u201cMELGAREJO DELICATESSEN\u201d (Spain) ACEITES CAMPOLIVA, S.L. \u201cMELGAREJO GOURMET\u201d (Spain) Almazaras de la Subb\u00e9tica S.L. \u201cBIOLIVA\u201d (Spain) LUCERO OLIVE OIL \u201cArbequina\u201d (USA) 32 Fine Products From Australia (6 Products) Boundary Bend Limited \u201cCobram Estate Hojiblanca\u201d Boundary Bend Limited \u201cCobram Estate Picual\u201d Camilo Enterprises \u201cMax\u2019s Blend\u201d Longridge Estate \u201cLONGRIDGE OLIVES-CLASSIC BLEND\u201d RYLSTONE OLIVE PRESS \u201cCUDGEGONG\u201d WARRICK GROVE (entry by Furuuchi Kamejiro Shoten) \u201cWarrick Grove\u2019s Olive Oil\u201d \u2028 From Chile (1 Product) OLIVOS Del SUR S.A.&nbsp; (entry by K-TAC &#8230;<\/p>\n","protected":false},"author":1,"featured_media":0,"parent":1452,"menu_order":4,"comment_status":"closed","ping_status":"closed","template":"","meta":{"jetpack_post_was_ever_published":false,"footnotes":""},"class_list":["post-1338","page","type-page","status-publish","hentry"],"aioseo_notices":[],"jetpack_shortlink":"https:\/\/wp.me\/P73JnJ-lA","jetpack_sharing_enabled":true,"_links":{"self":[{"href":"https:\/\/olivejapan.com\/en\/wp-json\/wp\/v2\/pages\/1338","targetHints":{"allow":["GET"]}}],"collection":[{"href":"https:\/\/olivejapan.com\/en\/wp-json\/wp\/v2\/pages"}],"about":[{"href":"https:\/\/olivejapan.com\/en\/wp-json\/wp\/v2\/types\/page"}],"author":[{"embeddable":true,"href":"https:\/\/olivejapan.com\/en\/wp-json\/wp\/v2\/users\/1"}],"replies":[{"embeddable":true,"href":"https:\/\/olivejapan.com\/en\/wp-json\/wp\/v2\/comments?post=1338"}],"version-history":[{"count":0,"href":"https:\/\/olivejapan.com\/en\/wp-json\/wp\/v2\/pages\/1338\/revisions"}],"up":[{"embeddable":true,"href":"https:\/\/olivejapan.com\/en\/wp-json\/wp\/v2\/pages\/1452"}],"wp:attachment":[{"href":"https:\/\/olivejapan.com\/en\/wp-json\/wp\/v2\/media?parent=1338"}],"curies":[{"name":"wp","href":"https:\/\/api.w.org\/{rel}","templated":true}]}}